{"id":101,"date":"2024-10-02T17:22:39","date_gmt":"2024-10-02T15:22:39","guid":{"rendered":"http:\/\/agoratraductions.com\/?page_id=101"},"modified":"2024-10-04T12:37:21","modified_gmt":"2024-10-04T10:37:21","slug":"savoir-faire","status":"publish","type":"page","link":"https:\/\/www.agoratraductions.com\/index.php\/savoir-faire\/","title":{"rendered":"Savoir-faire"},"content":{"rendered":"\n<h2 class=\"wp-block-heading has-text-align-left has-accent-color has-text-color has-link-color has-normal-font-size wp-elements-aecc1a76eebb11919eacdae7606a17e3\">Notre \u00e9quipe est compos\u00e9e exclusivement de traducteurs exp\u00e9riment\u00e9s et sp\u00e9cialis\u00e9s, qui travaillent dans leur langue maternelle.<br><br>Outre nos ressources humaines, nous utilisons des outils logiciels et m\u00e9moires de traductions afin de garantir une rigueur constante d&rsquo;homog\u00e9n\u00e9it\u00e9 et de fid\u00e9lit\u00e9 terminologique.<br><br>Vos projets de traduction suivent un processus rigoureux, de la conception \u00e0 la livraison, avec un interlocuteur unique qui assure continuit\u00e9 de service, qualit\u00e9 et ponctualit\u00e9. <br><br>Nos services couvrent une vari\u00e9t\u00e9 \u00e9tendue de domaines de comp\u00e9tences :<\/h2>\n\n\n\n<h2 class=\"wp-block-heading has-text-align-right has-primary-color has-text-color has-link-color wp-elements-61ba4b364cd76f590c5768e6b67e4c7a\" style=\"font-size:19px\">Juridique, finance et fiscalit\u00e9 .<br>Commerce, marketing et communication .<br>Industrie, sant\u00e9 et technologies de pointe .<br>Institutions, administration et affaires gouvernementales .<br>Sciences exp\u00e9rimentales et humaines .<br>Action humanitaire, sociale et environnementale .<br>Art, culture, sport et loisirs .<\/h2>\n\n\n\n<p class=\"has-text-align-left\"><\/p>\n","protected":false},"excerpt":{"rendered":"<p>Notre \u00e9quipe est compos\u00e9e exclusivement de traducteurs exp\u00e9riment\u00e9s et sp\u00e9cialis\u00e9s, qui travaillent dans leur langue maternelle. Outre nos ressources humaines, nous utilisons des outils logiciels et m\u00e9moires de traductions afin de garantir une rigueur constante d&rsquo;homog\u00e9n\u00e9it\u00e9 et de fid\u00e9lit\u00e9 terminologique. Vos projets de traduction suivent un processus rigoureux, de la conception \u00e0 la livraison, avec [&hellip;]<\/p>\n","protected":false},"author":1,"featured_media":0,"parent":0,"menu_order":0,"comment_status":"closed","ping_status":"closed","template":"","meta":{"footnotes":""},"class_list":["post-101","page","type-page","status-publish","hentry"],"_links":{"self":[{"href":"https:\/\/www.agoratraductions.com\/index.php\/wp-json\/wp\/v2\/pages\/101","targetHints":{"allow":["GET"]}}],"collection":[{"href":"https:\/\/www.agoratraductions.com\/index.php\/wp-json\/wp\/v2\/pages"}],"about":[{"href":"https:\/\/www.agoratraductions.com\/index.php\/wp-json\/wp\/v2\/types\/page"}],"author":[{"embeddable":true,"href":"https:\/\/www.agoratraductions.com\/index.php\/wp-json\/wp\/v2\/users\/1"}],"replies":[{"embeddable":true,"href":"https:\/\/www.agoratraductions.com\/index.php\/wp-json\/wp\/v2\/comments?post=101"}],"version-history":[{"count":10,"href":"https:\/\/www.agoratraductions.com\/index.php\/wp-json\/wp\/v2\/pages\/101\/revisions"}],"predecessor-version":[{"id":252,"href":"https:\/\/www.agoratraductions.com\/index.php\/wp-json\/wp\/v2\/pages\/101\/revisions\/252"}],"wp:attachment":[{"href":"https:\/\/www.agoratraductions.com\/index.php\/wp-json\/wp\/v2\/media?parent=101"}],"curies":[{"name":"wp","href":"https:\/\/api.w.org\/{rel}","templated":true}]}}