{"id":105,"date":"2024-10-02T17:43:52","date_gmt":"2024-10-02T15:43:52","guid":{"rendered":"http:\/\/agoratraductions.com\/?page_id=105"},"modified":"2024-10-04T12:31:57","modified_gmt":"2024-10-04T10:31:57","slug":"references","status":"publish","type":"page","link":"https:\/\/www.agoratraductions.com\/index.php\/references\/","title":{"rendered":"R\u00e9f\u00e9rences"},"content":{"rendered":"\n<h2 class=\"wp-block-heading has-accent-color has-text-color has-link-color has-normal-font-size wp-elements-6ffba0ee542687325252573e89bd5c0a\">Agora Traductions vous propose des services de traduction en contrat permanent ou en commande free-lance. <br><br>De nombreuses institutions, organisations et entreprises internationales nous ont accord\u00e9 leur confiance pour mener \u00e0 bien leurs projets de traduction, entre autres :<\/h2>\n\n\n\n<figure class=\"wp-block-table is-style-regular\" style=\"font-size:14px;font-style:normal;font-weight:600\"><table><tbody><tr><td><strong>OMS<\/strong><\/td><td><strong>Louvre Abu Dhabi<\/strong><\/td><td><strong>Fid\u00e9lit\u00e9 Film<\/strong>s<\/td><\/tr><tr><td><strong>USAID<\/strong><\/td><td><strong>Babyzen<\/strong><\/td><td><strong>Vertigo Productions<\/strong><\/td><\/tr><tr><td><strong>OCDE<\/strong><\/td><td><strong>OpenSkies<\/strong><\/td><td><strong>Paradis Films<\/strong><\/td><\/tr><tr><td><strong>FAO<\/strong><\/td><td><strong>Trans Photographic Press<\/strong><\/td><td><strong>Folivari<\/strong><\/td><\/tr><tr><td><strong>PARLEMENT EUROP\u00c9EN<\/strong><\/td><td>Kering<\/td><td><strong>Paprika Films<\/strong><\/td><\/tr><tr><td>WEF<\/td><td><strong>H\u00f4tels Warwick<\/strong><\/td><td><strong>Arena Films<\/strong><\/td><\/tr><tr><td>Campus France<\/td><td><strong>Art Diffusion<\/strong><\/td><td><strong>Cam\u00e9ra Lucida<\/strong><\/td><\/tr><tr><td><strong>PlaNet Finance<\/strong><\/td><td><strong>FFT<\/strong><\/td><td><strong>La\u00efdak Films<\/strong><\/td><\/tr><tr><td><strong>Ginesti\u00e9 Magellan <\/strong>Paley-Vincent<\/td><td><strong>Imag\u00e9o<\/strong><\/td><td><strong>HB Films<\/strong><\/td><\/tr><tr><td>Flichy Grang\u00e9<\/td><td><strong>L&rsquo;Or\u00e9al<\/strong><\/td><td><strong>Excuse My French<\/strong><\/td><\/tr><tr><td><strong>Hogan Lovells LLP<\/strong><\/td><td><strong>FTI Consulting<\/strong><\/td><td><strong>Blacktool<\/strong><\/td><\/tr><tr><td>Eunomie Avocats<\/td><td><strong>The Editorialist<\/strong><\/td><td><strong>Com\u00e9die-Fran\u00e7aise<\/strong><\/td><\/tr><tr><td><strong>Danone<\/strong><\/td><td><strong>Zonebourse<\/strong><\/td><td>ITAB<\/td><\/tr><tr><td><strong>Ricoh France<\/strong><\/td><td><strong>Edifim<\/strong><\/td><td><strong>CNRS<\/strong><\/td><\/tr><tr><td><strong>Vallat Immobilier<\/strong><\/td><td><strong>Evian<\/strong><\/td><td><strong>INRAE<\/strong><\/td><\/tr><\/tbody><\/table><\/figure>\n\n\n\n<p><\/p>\n","protected":false},"excerpt":{"rendered":"<p>Agora Traductions vous propose des services de traduction en contrat permanent ou en commande free-lance. De nombreuses institutions, organisations et entreprises internationales nous ont accord\u00e9 leur confiance pour mener \u00e0 bien leurs projets de traduction, entre autres : OMS Louvre Abu Dhabi Fid\u00e9lit\u00e9 Films USAID Babyzen Vertigo Productions OCDE OpenSkies Paradis Films FAO Trans Photographic [&hellip;]<\/p>\n","protected":false},"author":1,"featured_media":0,"parent":0,"menu_order":0,"comment_status":"closed","ping_status":"closed","template":"","meta":{"footnotes":""},"class_list":["post-105","page","type-page","status-publish","hentry"],"_links":{"self":[{"href":"https:\/\/www.agoratraductions.com\/index.php\/wp-json\/wp\/v2\/pages\/105","targetHints":{"allow":["GET"]}}],"collection":[{"href":"https:\/\/www.agoratraductions.com\/index.php\/wp-json\/wp\/v2\/pages"}],"about":[{"href":"https:\/\/www.agoratraductions.com\/index.php\/wp-json\/wp\/v2\/types\/page"}],"author":[{"embeddable":true,"href":"https:\/\/www.agoratraductions.com\/index.php\/wp-json\/wp\/v2\/users\/1"}],"replies":[{"embeddable":true,"href":"https:\/\/www.agoratraductions.com\/index.php\/wp-json\/wp\/v2\/comments?post=105"}],"version-history":[{"count":10,"href":"https:\/\/www.agoratraductions.com\/index.php\/wp-json\/wp\/v2\/pages\/105\/revisions"}],"predecessor-version":[{"id":245,"href":"https:\/\/www.agoratraductions.com\/index.php\/wp-json\/wp\/v2\/pages\/105\/revisions\/245"}],"wp:attachment":[{"href":"https:\/\/www.agoratraductions.com\/index.php\/wp-json\/wp\/v2\/media?parent=105"}],"curies":[{"name":"wp","href":"https:\/\/api.w.org\/{rel}","templated":true}]}}