{"id":71,"date":"2024-10-02T16:17:57","date_gmt":"2024-10-02T14:17:57","guid":{"rendered":"http:\/\/agoratraductions.com\/?page_id=71"},"modified":"2024-10-04T12:32:29","modified_gmt":"2024-10-04T10:32:29","slug":"malheur-aux-faiseurs-de-traductions-litterales-qui-en-traduisant-chaque-parole-enervent-le-sens-cest-bien-la-quon-peut-dire-que-la-lettre-tue-et-que-lesprit-vivifie-voltaire","status":"publish","type":"page","link":"http:\/\/www.agoratraductions.com\/","title":{"rendered":"In Words We Trust"},"content":{"rendered":"\n<h2 class=\"wp-block-heading has-accent-color has-text-color has-link-color has-normal-font-size wp-elements-22e5651eaea48140c092730e04699bfb\" style=\"font-style:normal;font-weight:700\">Vous souhaitez d\u00e9velopper votre activit\u00e9 \u00e0 l&rsquo;international et am\u00e9liorer vos communications multilingues ? <br><br>Agora Traductions est votre partenaire de traduction id\u00e9al, qui respecte vos crit\u00e8res de d\u00e9lai et de format \u00e0 des tarifs comp\u00e9titifs, \u00e0 travers une large gamme de services :<\/h2>\n\n\n\n<h2 class=\"wp-block-heading has-text-align-right\" style=\"font-size:18px;font-style:normal;font-weight:700\">Traduction . <br>Relecture . <br>Glossaires terminologiques . <br>Sous-titrage . <br>Transcriptions audio et vid\u00e9o .<\/h2>\n\n\n\n<h2 class=\"wp-block-heading has-accent-color has-text-color has-link-color has-normal-font-size wp-elements-afbaf7d0862e0b41e4475790f26d9a17\"><br>\u00ab <em>Malheur aux faiseurs de traductions litt\u00e9rales, qui en traduisant chaque parole \u00e9nervent le sens ! C&rsquo;est bien l\u00e0 qu&rsquo;on peut dire que la lettre tue et que l&rsquo;esprit vivifie. <\/em>\u00bb   Voltaire<br><\/h2>\n\n\n\n<p><\/p>\n","protected":false},"excerpt":{"rendered":"<p>Vous souhaitez d\u00e9velopper votre activit\u00e9 \u00e0 l&rsquo;international et am\u00e9liorer vos communications multilingues ? Agora Traductions est votre partenaire de traduction id\u00e9al, qui respecte vos crit\u00e8res de d\u00e9lai et de format \u00e0 des tarifs comp\u00e9titifs, \u00e0 travers une large gamme de services : Traduction . Relecture . Glossaires terminologiques . Sous-titrage . Transcriptions audio et vid\u00e9o [&hellip;]<\/p>\n","protected":false},"author":1,"featured_media":0,"parent":0,"menu_order":0,"comment_status":"closed","ping_status":"closed","template":"","meta":{"footnotes":""},"class_list":["post-71","page","type-page","status-publish","hentry"],"_links":{"self":[{"href":"https:\/\/www.agoratraductions.com\/index.php\/wp-json\/wp\/v2\/pages\/71","targetHints":{"allow":["GET"]}}],"collection":[{"href":"https:\/\/www.agoratraductions.com\/index.php\/wp-json\/wp\/v2\/pages"}],"about":[{"href":"https:\/\/www.agoratraductions.com\/index.php\/wp-json\/wp\/v2\/types\/page"}],"author":[{"embeddable":true,"href":"https:\/\/www.agoratraductions.com\/index.php\/wp-json\/wp\/v2\/users\/1"}],"replies":[{"embeddable":true,"href":"https:\/\/www.agoratraductions.com\/index.php\/wp-json\/wp\/v2\/comments?post=71"}],"version-history":[{"count":27,"href":"https:\/\/www.agoratraductions.com\/index.php\/wp-json\/wp\/v2\/pages\/71\/revisions"}],"predecessor-version":[{"id":246,"href":"https:\/\/www.agoratraductions.com\/index.php\/wp-json\/wp\/v2\/pages\/71\/revisions\/246"}],"wp:attachment":[{"href":"https:\/\/www.agoratraductions.com\/index.php\/wp-json\/wp\/v2\/media?parent=71"}],"curies":[{"name":"wp","href":"https:\/\/api.w.org\/{rel}","templated":true}]}}